{"id":3631,"date":"2020-09-18T20:31:09","date_gmt":"2020-09-18T18:31:09","guid":{"rendered":"https:\/\/www.albacoor.com\/condicions-de-venda\/"},"modified":"2020-10-07T10:23:53","modified_gmt":"2020-10-07T08:23:53","slug":"condiciones-de-venta","status":"publish","type":"page","link":"https:\/\/www.albacoor.com\/es\/condiciones-de-venta\/","title":{"rendered":"Condiciones de venta"},"content":{"rendered":"<div class=\"wpb-content-wrapper\"><p>[vc_row][vc_column][vc_text_separator title=\u00bbCondiciones de venta\u00bb margin=\u00bb0&#8243;][vc_column_text]<strong>DATOS IDENTIFICATIVOS<\/strong><\/p>\n<p><strong>Empresa:<\/strong> M\u00aa ALBA ORTEGA CODINA (en adelante \u201cALBACOOR\u201d)<\/p>\n<p><strong>NIF:<\/strong> 33946664k<\/p>\n<p><strong>Direcci\u00f3n: <\/strong>passatge Pagesia n\u00famero 8, 08552 Taradell (Barcelona) Espa\u00f1a<\/p>\n<p><strong>Correo electr\u00f3nico:<\/strong> hola@albacoor.com<\/p>\n<p><strong>Sitio web: <\/strong>www. albacoor.com (en adelante, \u201cel portal o sitio web\u201d)<\/p>\n<p>Este documento (as\u00ed como cualquier otro documento que aqu\u00ed se haga menci\u00f3n), regula las condiciones por las que se rige el uso del Sitio Web y la compra de productos y\/o servicios (en adelante, Condiciones).<\/p>\n<p>Adem\u00e1s de leer las presentes Condiciones, antes de acceder, navegar y\/o usar este Sitio Web, es importante que leas el Aviso Legal, Pol\u00edtica de Privacidad y Pol\u00edtica de cookies. Al utilizar este sitio web o al hacer y\/o solicitar la adquisici\u00f3n de un servicio consientes quedar vinculado por las presentes Condiciones y por lo anteriormente mencionado.<\/p>\n<p><strong>1. EL USUARIO: <\/strong>El acceso, la navegaci\u00f3n y uso del Sitio Web, confiere la condici\u00f3n de usuario (en adelante, usuario), por lo que en el momento en el que inicia la navegaci\u00f3n aceptas de forma expresa todas las Condiciones aqu\u00ed establecidas y sus ulteriores modificaciones, sin perjuicio de la aplicaci\u00f3n de la correspondiente normativa legal que aplique al presente caso. Como usuario declaras ser mayor de 18 a\u00f1os y tener capacidad legal para celebrar contratos a trav\u00e9s de este sitio Web.<\/p>\n<p><strong>2. PRODUCTOS:<\/strong> ALBACOOR, se reserva el derecho a decidir qu\u00e9 Productos se ofrecen a los Usuarios a trav\u00e9s de la tienda online y podr\u00e1 a\u00f1adir nuevos productos\u00a0y\/o eliminar alguno de los existentes en cualquier momento y sin previo aviso.<\/p>\n<p>Las im\u00e1genes de los productos incluidos en la tienda se corresponden con la realidad de la forma m\u00e1s fidedigna posible. Recordamos que se trata de productos artesanales hechos a mano, por lo que pueden existir ligeras variaciones de dise\u00f1o, color, tama\u00f1o o materiales respecto a las im\u00e1genes de la tienda. Las caracter\u00edsticas de los productos as\u00ed como sus precios aparecen indicados en la tienda online.<\/p>\n<p><strong>3. PROCESO DE COMPRA: <\/strong>El usuario puede comprar el Sitio Web por los medios y formas establecidos. Una vez seleccionados todos los productos que desea comprar, se habr\u00e1n a\u00f1adido a la cesta y el paso siguiente ser\u00e1 realizar el pago. Para ello deber\u00e1 seguir el procedimiento de compra online, rellenando y comprobando la informaci\u00f3n requerida en cada paso. Tras esto, recibir\u00e1 un correo electr\u00f3nico acusando recibo de su pedido (Confirmaci\u00f3n de Pedido). El Usuario reconoce en el momento de la compra ser conocedor y acepta de las condiciones particulares del producto en cuesti\u00f3n.<\/p>\n<p><strong>4. DISPONIBILIDAD: <\/strong>Todos los pedidos de compra recibidos a trav\u00e9s del Sitio Web se encuentran sujetos a la disponibilidad de los productos. Si se produjesen dificultades en cuanto al suministro de los mismos, procederemos a contactar con el usuario\u00a0para facilitarle informaci\u00f3n acerca de productos sustitutivos de calidad y valor igual o superior a efectos de modificar el pedido. Si no desea hacer un pedido de esos productos sustitutivos, procederemos a reembolsar cualquier cantidad abonada.<\/p>\n<p><strong>5. PRECIOS: <\/strong>Los precios exhibidos en el sitio Web y\/o plataforma utilizada, son los finales, en euros e incluyen los impuestos correspondientes (21% IVA). Los precios pueden cambiar en cualquier momento, pero los posibles cambios no afectar\u00e1n a los pedidos o compras con respecto a los que el usuario ya haya recibido una Confirmaci\u00f3n de Pedido.<\/p>\n<p>Si descubri\u00e9semos un error en el precio de alguno de los productos encargados por el usuario, informaremos del error lo antes posible y le daremos la opci\u00f3n de reconfirmar su pedido al precio correcto o anularlo. Si no logramos contactar con el usuario, el pedido se considerar\u00e1 cancelado y se reembolsar\u00e1n las cantidades abonadas. No estaremos obligados a suministrarle ning\u00fan producto al precio inferior incorrecto (incluso aunque le hayamos enviado la Confirmaci\u00f3n de Pedido) si el error en el precio es obvio e inequ\u00edvoco y hubiera podido ser reconocido de forma razonable por usted como precio incorrecto.<\/p>\n<p><strong>6. FORMAS DE PAGO: <\/strong>El medio de pago aceptado es mediante transferencia pago con tarjeta. La recogida, almacenamiento y transmisi\u00f3n de informaci\u00f3n personal a trav\u00e9s de la p\u00e1gina web se realiza de forma encriptada mediante el uso del protocolo de seguridad SSL, sistema de encriptaci\u00f3n que confiere una total seguridad en la transmisi\u00f3n de datos.<\/p>\n<p><strong>7. ENV\u00cdO: <\/strong>Los productos ofrecidos en esta tienda online est\u00e1n disponibles para su env\u00edo a territorio espa\u00f1ol y toda la Uni\u00f3n Europea.<\/p>\n<p>El coste imputable al usuario es el siguiente:<\/p>\n<ul>\n<li>Pen\u00ednsula y Baleares:<\/li>\n<li>Canarias, Ceuta y Melilla:<\/li>\n<li>Uni\u00f3n Europea:<\/li>\n<\/ul>\n<p>Una vez formalizado el pago el tiempo de preparaci\u00f3n del env\u00edo es de 5 a 7 d\u00edas. En cualquier caso, el plazo m\u00e1ximo de entrega es de 15 d\u00edas a contar desde la fecha de la Confirmaci\u00f3n de Pedido. \u00a0No obstante, estos plazos pueden alargarse en per\u00edodos de gran demanda y podr\u00edan producirse retrasos por circunstancias imprevistas.<\/p>\n<p>Si por alguna raz\u00f3n nos fuera imposible cumplir con la fecha de entrega, informaremos al usuario de esta circunstancia y podr\u00e1 elegir seguir adelante con la compra estableciendo una nueva fecha de entrega o anular el pedido con el reembolso total del precio pagado.<\/p>\n<p><strong>8. ENTREGA:<\/strong> A efectos de las presentes condiciones se considerara\u0301 que se ha producido la entrega en el momento en el que el usuario o un tercero indicado por este adquiera la posesi\u00f3n material de los productos, lo que se acreditara\u0301 mediante firma de la recepci\u00f3n del pedido en la direcci\u00f3n de entrega convenida. Si fuera imposible efectuar la entrega del pedido, este ser\u00e1 devuelto a nuestro almac\u00e9n y contactaremos con el usuario para concretar un nuevo env\u00edo. Los gastos de env\u00edo adicionales derivados de la imposibilidad de realizar la entrega por haber facilitado el usuario una direcci\u00f3n de entrega incorrecta, tel\u00e9fono y\/o email de contacto incorrectos, o por ausencia repetida del destinatario o por no retirar del almac\u00e9n del transportista el paquete transcurrido el plazo marcado, correr\u00e1n a cuenta del usuario.<\/p>\n<p><strong>9. DEVOLUCIONES: <\/strong>La pol\u00edtica de devoluciones debe aplicarse en funci\u00f3n del producto adquirido:<\/p>\n<ul>\n<li><strong>Productos en mal estado:<\/strong> se admitir\u00e1n devoluciones siempre que el producto llegue en mal estado, presente alg\u00fan defecto o no se ajuste a lo estipulado.<\/li>\n<li><strong>Taller y\/o evento:<\/strong> el derecho de desistimiento desaparece una vez alcanzadas las 48 horas anteriores a la celebraci\u00f3n del taller\/evento, siendo conocedor el usuario de dicha circunstancia y acept\u00e1ndola en el momento de realizar la compra correspondiente.<\/li>\n<li><strong>Producto no personalizado y\/o no consumible por el paso del tiempo:<\/strong> se admiten devoluciones (haci\u00e9ndose cargo el usuario de los costes de transporte y devoluci\u00f3n), siempre que se cumpla el procedimiento de devoluci\u00f3n especificado a continuaci\u00f3n.<\/li>\n<li><strong>Producto personalizado: <\/strong>no se aceptan cambios ni devoluciones de productos personalizados ya que son dise\u00f1ados y producidos \u00fanica y exclusivamente para el cliente. Solamente s\u00e9 except\u00faa, cuando la personalizaci\u00f3n\/producto no corresponde con la informaci\u00f3n aportada por el cliente o con el dise\u00f1o final aportado por Albacoor antes de producci\u00f3n.<\/li>\n<\/ul>\n<p><strong>Procedimiento de devoluci\u00f3n:<\/strong> La devoluci\u00f3n del producto deber\u00e1 hacerse por escrito, dentro de los 14 d\u00edas posteriores a la recepci\u00f3n del producto, enviando un correo a la direcci\u00f3n <a href=\"mailto:hola@albacoor.com\">hola@albacoor.com<\/a> indicando el c\u00f3digo de compra, los datos del producto y el da\u00f1o que sufre o bien mediante el siguiente <a href=\"https:\/\/www.albacoor.com\/es\/contacto\/\">formulario<\/a>. Una vez recibida la reclamaci\u00f3n, nos pondremos en contacto con el usuario para indicar la forma de proceder.<\/p>\n<p>Una vez recibido el producto en mal estado, ALBACOOR examinar\u00e1 detenidamente el producto y comunicaremos al usuario, en un plazo de 7 d\u00edas, si procede el reembolso o la sustituci\u00f3n del mismo (en su caso). El reembolso o sustituci\u00f3n se realizar\u00e1 lo antes posible, dentro de los 14 d\u00edas siguientes al env\u00edo de un correo electr\u00f3nico confirmando que procede el reembolso o sustituci\u00f3n del producto en mal estado.<\/p>\n<p>Las cantidades abonadas por aquellos productos que sean devueltos por raz\u00f3n justificada (productos en mal estado o con alg\u00fan defecto) ser\u00e1n reembolsadas al usuario \u00edntegramente, incluidos los gastos de env\u00edo y los costes de devoluci\u00f3n. La devoluci\u00f3n se efectuar\u00e1 en el mismo medio de pago que se utiliz\u00f3 para pagar la compra.<\/p>\n<p><strong>10. SERVICIO DE ATENCI\u00d3N AL CLIENTE:<\/strong> Para cualquier pregunta, incidencia o reclamaci\u00f3n, escribir a hola@albacoor.com.<\/p>\n<p><strong>11. CONTRASE\u00d1AS: <\/strong>ALBACOOR facilitar\u00e1 el uso de contrase\u00f1as personales al usuario que se registre como tal en esta p\u00e1gina web. \u00c9ste deber\u00e1 mantener bajo su exclusiva responsabilidad las contrase\u00f1as en la m\u00e1s estricta y absoluta confidencialidad, asumiendo, por tanto, cuantos da\u00f1os o consecuencias de todo tipo se deriven del quebrantamiento o revelaci\u00f3n del secreto. Por razones de seguridad, la contrase\u00f1a de acceso telem\u00e1tico a los servicios vinculados a esta p\u00e1gina web podr\u00e1 ser modificada en todo momento por el usuario. El usuario se compromete a notificar a ALBACOOR de forma inmediata cualquier uso no autorizado de su contrase\u00f1a, as\u00ed como el acceso por terceros no autorizados a la misma.<\/p>\n<p><strong>12. EXONERACIO\u0301N DE RESPONSABILIDAD<\/strong>: Salvo disposici\u00f3n legal en contrario, ALBACOOR no aceptara\u0301 ninguna responsabilidad por: (i) perdidas no atribuibles a incumplimiento alguno por su parte; (ii) perdidas empresariales (incluyendo lucro cesante); (iii) fallos t\u00e9cnicos por causas fortuitas o de otra \u00edndole que impidan un normal funcionamiento del sitio web a trav\u00e9s de internet. Falta de disponibilidad del sitio web por razones de mantenimiento u otras, que impida disponer del servicio; (iv) ning\u00fan incumplimiento o retraso en el cumplimiento de alguna de las obligaciones asumidas, cuando se produzca como consecuencias que se encuentran fuera de su control razonable, es decir, que se justifiquen en causa de fuerza mayor.<\/p>\n<p><strong>13. POL\u00cdTICA DE PRIVACIDAD: <\/strong>ALBACOOR cumple con las directrices de la normativa vigente en materia de protecci\u00f3n de datos personales, la LO 3\/2018, de 5 de Diciembre de Protecci\u00f3n de Datos Personales y garant\u00eda de los derechos digitales y el Reglamento (UE) 2016\/679 de 27 de abril de 2016 (RGPD), relativo a la protecci\u00f3n de las personas f\u00edsicas en cuanto al tratamiento de datos personales y a la libre circulaci\u00f3n de estos datos. Para m\u00e1s informaci\u00f3n, ver <a href=\"https:\/\/www.albacoor.com\/es\/politica-de-privacidad\/\">Pol\u00edtica de Privacidad<\/a>.<\/p>\n<p><strong>14. PROPIEDAD INTELECTUAL E INDUSTRIAL: <\/strong>Los contenidos del sitio web, incluyendo entre otros las im\u00e1genes y los textos de los art\u00edculos, cualesquiera que sea su formato, lenguaje de programaci\u00f3n y forma de representaci\u00f3n, son propiedad de ALBACOOR, o bien ha adquirido los correspondientes derechos de sus propietarios, y est\u00e1n protegidos por las leyes y tratados internacionales en materia de propiedad intelectual. En virtud de lo dispuesto en los art\u00edculos 8 y 32.1, p\u00e1rrafo segundo, de la Ley de Propiedad Intelectual, queda expresamente prohibido copiar, reproducir, vender, transmitir, distribuir, republicar, modificar o mostrar para su uso comercial sin el previo consentimiento de ALBACOOR. El Usuario se compromete a respetar los derechos de Propiedad Intelectual e Industrial titularidad de ALBACOOR.<\/p>\n<p><strong>15. ACUERDO COMPLETO: <\/strong>Las presentes condiciones y todo el documento a las que estas hagan referencia constituyen el acuerdo integro entre el usuario y ALBACOOR en relaci\u00f3n con el objeto de compraventa y sustituyen a cualquier otro pacto, o acuerdo anterior convenida ya sea de forma verbal o por escrito entre las mismas partes.<\/p>\n<p><strong>16. MODIFICACIO\u0301N DE LAS PRESENTES CONDICIONES Y DURACIO\u0301N: <\/strong>ALBACOOR podr\u00e1 modificar en cualquier momento las Condiciones aqu\u00ed determinadas, siendo debidamente publicadas como aqu\u00ed aparecen. La vigencia de las citadas condiciones ira\u0301 en funci\u00f3n de su exposici\u00f3n y estar\u00e1n vigentes hasta que sean modificadas por otras debidamente publicadas.<\/p>\n<p><strong>17. SEPARABILIDAD:<\/strong> Si alguna de las disposiciones contenidas en el presente acuerdo, o cualquiera de sus partes, de determinara inv\u00e1lida y\/o inaplicable, no afectar\u00e1 al resto de la disposici\u00f3n en cuesti\u00f3n o cualquier otra disposici\u00f3n contenida en el presente documento.<\/p>\n<p><strong>18.<\/strong> <strong>LEGISLACIO\u0301N APLICABLE Y JURISDICCIO\u0301N: <\/strong>La relaci\u00f3n entre ALBACOOR y el Usuario se regir\u00e1 por la normativa espa\u00f1ola vigente y cualquier controversia se someter\u00e1 a los Juzgados y Tribunales de la ciudad de Barcelona.[\/vc_column_text][\/vc_column][\/vc_row]<\/p>\n<\/div>","protected":false},"excerpt":{"rendered":"<p>[vc_row][vc_column][vc_text_separator title=\u00bbCondiciones de venta\u00bb margin=\u00bb0&#8243;][vc_column_text]DATOS IDENTIFICATIVOS Empresa: M\u00aa ALBA ORTEGA CODINA (en adelante \u201cALBACOOR\u201d) NIF: 33946664k Direcci\u00f3n: passatge Pagesia n\u00famero 8, 08552 Taradell (Barcelona) Espa\u00f1a Correo electr\u00f3nico: hola@albacoor.com Sitio web: www. albacoor.com (en adelante, \u201cel portal o sitio web\u201d) Este documento (as\u00ed como cualquier otro documento que aqu\u00ed se haga menci\u00f3n), regula las condiciones por [&hellip;]<\/p>\n","protected":false},"author":8,"featured_media":0,"parent":0,"menu_order":0,"comment_status":"closed","ping_status":"closed","template":"","meta":{"_acf_changed":false,"footnotes":""},"class_list":["post-3631","page","type-page","status-publish","hentry"],"acf":[],"yoast_head":"<!-- This site is optimized with the Yoast SEO plugin v23.3 - https:\/\/yoast.com\/wordpress\/plugins\/seo\/ -->\n<title>Condiciones de venta - Albacoor, il\u00b7lustraci\u00f3<\/title>\n<meta name=\"robots\" content=\"noindex, nofollow\" \/>\n<meta property=\"og:locale\" content=\"es_ES\" \/>\n<meta property=\"og:type\" content=\"article\" \/>\n<meta property=\"og:title\" content=\"Condiciones de venta - Albacoor, il\u00b7lustraci\u00f3\" \/>\n<meta property=\"og:description\" content=\"[vc_row][vc_column][vc_text_separator title=\u00bbCondiciones de venta\u00bb margin=\u00bb0&#8243;][vc_column_text]DATOS IDENTIFICATIVOS Empresa: M\u00aa ALBA ORTEGA CODINA (en adelante \u201cALBACOOR\u201d) NIF: 33946664k Direcci\u00f3n: passatge Pagesia n\u00famero 8, 08552 Taradell (Barcelona) Espa\u00f1a Correo electr\u00f3nico: hola@albacoor.com Sitio web: www. albacoor.com (en adelante, \u201cel portal o sitio web\u201d) Este documento (as\u00ed como cualquier otro documento que aqu\u00ed se haga menci\u00f3n), regula las condiciones por [&hellip;]\" \/>\n<meta property=\"og:url\" content=\"https:\/\/www.albacoor.com\/condicions-de-venda\/\" \/>\n<meta property=\"og:site_name\" content=\"Albacoor, il\u00b7lustraci\u00f3\" \/>\n<meta property=\"article:modified_time\" content=\"2020-10-07T08:23:53+00:00\" \/>\n<meta name=\"twitter:card\" content=\"summary_large_image\" \/>\n<meta name=\"twitter:label1\" content=\"Tiempo de lectura\" \/>\n\t<meta name=\"twitter:data1\" content=\"10 minutos\" \/>\n<script type=\"application\/ld+json\" class=\"yoast-schema-graph\">{\"@context\":\"https:\/\/schema.org\",\"@graph\":[{\"@type\":\"WebPage\",\"@id\":\"https:\/\/www.albacoor.com\/condicions-de-venda\/\",\"url\":\"https:\/\/www.albacoor.com\/condicions-de-venda\/\",\"name\":\"Condiciones de venta - Albacoor, il\u00b7lustraci\u00f3\",\"isPartOf\":{\"@id\":\"https:\/\/www.albacoor.com\/#website\"},\"datePublished\":\"2020-09-18T18:31:09+00:00\",\"dateModified\":\"2020-10-07T08:23:53+00:00\",\"breadcrumb\":{\"@id\":\"https:\/\/www.albacoor.com\/condicions-de-venda\/#breadcrumb\"},\"inLanguage\":\"es\",\"potentialAction\":[{\"@type\":\"ReadAction\",\"target\":[\"https:\/\/www.albacoor.com\/condicions-de-venda\/\"]}]},{\"@type\":\"BreadcrumbList\",\"@id\":\"https:\/\/www.albacoor.com\/condicions-de-venda\/#breadcrumb\",\"itemListElement\":[{\"@type\":\"ListItem\",\"position\":1,\"name\":\"Inici\",\"item\":\"https:\/\/www.albacoor.com\/es\/\"},{\"@type\":\"ListItem\",\"position\":2,\"name\":\"Condiciones de venta\"}]},{\"@type\":\"WebSite\",\"@id\":\"https:\/\/www.albacoor.com\/#website\",\"url\":\"https:\/\/www.albacoor.com\/\",\"name\":\"Albacoor, il\u00b7lustraci\u00f3\",\"description\":\"\",\"potentialAction\":[{\"@type\":\"SearchAction\",\"target\":{\"@type\":\"EntryPoint\",\"urlTemplate\":\"https:\/\/www.albacoor.com\/?s={search_term_string}\"},\"query-input\":\"required name=search_term_string\"}],\"inLanguage\":\"es\"}]}<\/script>\n<!-- \/ Yoast SEO plugin. -->","yoast_head_json":{"title":"Condiciones de venta - Albacoor, il\u00b7lustraci\u00f3","robots":{"index":"noindex","follow":"nofollow"},"og_locale":"es_ES","og_type":"article","og_title":"Condiciones de venta - Albacoor, il\u00b7lustraci\u00f3","og_description":"[vc_row][vc_column][vc_text_separator title=\u00bbCondiciones de venta\u00bb margin=\u00bb0&#8243;][vc_column_text]DATOS IDENTIFICATIVOS Empresa: M\u00aa ALBA ORTEGA CODINA (en adelante \u201cALBACOOR\u201d) NIF: 33946664k Direcci\u00f3n: passatge Pagesia n\u00famero 8, 08552 Taradell (Barcelona) Espa\u00f1a Correo electr\u00f3nico: hola@albacoor.com Sitio web: www. albacoor.com (en adelante, \u201cel portal o sitio web\u201d) Este documento (as\u00ed como cualquier otro documento que aqu\u00ed se haga menci\u00f3n), regula las condiciones por [&hellip;]","og_url":"https:\/\/www.albacoor.com\/condicions-de-venda\/","og_site_name":"Albacoor, il\u00b7lustraci\u00f3","article_modified_time":"2020-10-07T08:23:53+00:00","twitter_card":"summary_large_image","twitter_misc":{"Tiempo de lectura":"10 minutos"},"schema":{"@context":"https:\/\/schema.org","@graph":[{"@type":"WebPage","@id":"https:\/\/www.albacoor.com\/condicions-de-venda\/","url":"https:\/\/www.albacoor.com\/condicions-de-venda\/","name":"Condiciones de venta - Albacoor, il\u00b7lustraci\u00f3","isPartOf":{"@id":"https:\/\/www.albacoor.com\/#website"},"datePublished":"2020-09-18T18:31:09+00:00","dateModified":"2020-10-07T08:23:53+00:00","breadcrumb":{"@id":"https:\/\/www.albacoor.com\/condicions-de-venda\/#breadcrumb"},"inLanguage":"es","potentialAction":[{"@type":"ReadAction","target":["https:\/\/www.albacoor.com\/condicions-de-venda\/"]}]},{"@type":"BreadcrumbList","@id":"https:\/\/www.albacoor.com\/condicions-de-venda\/#breadcrumb","itemListElement":[{"@type":"ListItem","position":1,"name":"Inici","item":"https:\/\/www.albacoor.com\/es\/"},{"@type":"ListItem","position":2,"name":"Condiciones de venta"}]},{"@type":"WebSite","@id":"https:\/\/www.albacoor.com\/#website","url":"https:\/\/www.albacoor.com\/","name":"Albacoor, il\u00b7lustraci\u00f3","description":"","potentialAction":[{"@type":"SearchAction","target":{"@type":"EntryPoint","urlTemplate":"https:\/\/www.albacoor.com\/?s={search_term_string}"},"query-input":"required name=search_term_string"}],"inLanguage":"es"}]}},"_links":{"self":[{"href":"https:\/\/www.albacoor.com\/es\/wp-json\/wp\/v2\/pages\/3631"}],"collection":[{"href":"https:\/\/www.albacoor.com\/es\/wp-json\/wp\/v2\/pages"}],"about":[{"href":"https:\/\/www.albacoor.com\/es\/wp-json\/wp\/v2\/types\/page"}],"author":[{"embeddable":true,"href":"https:\/\/www.albacoor.com\/es\/wp-json\/wp\/v2\/users\/8"}],"replies":[{"embeddable":true,"href":"https:\/\/www.albacoor.com\/es\/wp-json\/wp\/v2\/comments?post=3631"}],"version-history":[{"count":4,"href":"https:\/\/www.albacoor.com\/es\/wp-json\/wp\/v2\/pages\/3631\/revisions"}],"predecessor-version":[{"id":3895,"href":"https:\/\/www.albacoor.com\/es\/wp-json\/wp\/v2\/pages\/3631\/revisions\/3895"}],"wp:attachment":[{"href":"https:\/\/www.albacoor.com\/es\/wp-json\/wp\/v2\/media?parent=3631"}],"curies":[{"name":"wp","href":"https:\/\/api.w.org\/{rel}","templated":true}]}}